{"id":752,"date":"2022-11-02T10:08:34","date_gmt":"2022-11-02T06:08:34","guid":{"rendered":"https:\/\/dbxv-class.com\/nos-services"},"modified":"2023-12-05T18:33:48","modified_gmt":"2023-12-05T14:33:48","slug":"nos-services","status":"publish","type":"page","link":"https:\/\/dbxv-class.com\/fr\/nos-services\/","title":{"rendered":"Nos services"},"content":{"rendered":"<div class=\"wpb-content-wrapper\"><p>[vc_row row_height_percent=\u00a0\u00bb40&Prime; override_padding=\u00a0\u00bbyes\u00a0\u00bb h_padding=\u00a0\u00bb4&Prime; top_padding=\u00a0\u00bb3&Prime; bottom_padding=\u00a0\u00bb3&Prime; back_image=\u00a0\u00bb249&Prime; back_position=\u00a0\u00bbcenter center\u00a0\u00bb overlay_color=\u00a0\u00bbcolor-jevc\u00a0\u00bb overlay_alpha=\u00a0\u00bb30&Prime; gutter_size=\u00a0\u00bb3&Prime; column_width_percent=\u00a0\u00bb100&Prime; shift_y=\u00a0\u00bb0&Prime; z_index=\u00a0\u00bb0&Prime; enable_bottom_divider=\u00a0\u00bbdefault\u00a0\u00bb bottom_divider=\u00a0\u00bbgradient\u00a0\u00bb shape_bottom_h_use_pixel=\u00a0\u00bb\u00a0\u00bb shape_bottom_height=\u00a0\u00bb150&Prime; shape_bottom_color=\u00a0\u00bbcolor-jevc\u00a0\u00bb shape_bottom_opacity=\u00a0\u00bb100&Prime; shape_bottom_index=\u00a0\u00bb0&Prime; uncode_shortcode_id=\u00a0\u00bb169731&Prime; row_height_pixel=\u00a0\u00bb150px\u00a0\u00bb shape_bottom_color_type=\u00a0\u00bbuncode-palette\u00a0\u00bb overlay_color_type=\u00a0\u00bbuncode-palette\u00a0\u00bb][vc_column column_width_percent=\u00a0\u00bb100&Prime; position_vertical=\u00a0\u00bbmiddle\u00a0\u00bb gutter_size=\u00a0\u00bb2&Prime; overlay_alpha=\u00a0\u00bb50&Prime; shift_x=\u00a0\u00bb0&Prime; shift_y=\u00a0\u00bb0&Prime; shift_y_down=\u00a0\u00bb0&Prime; z_index=\u00a0\u00bb0&Prime; medium_width=\u00a0\u00bb0&Prime; mobile_width=\u00a0\u00bb0&Prime; width=\u00a0\u00bb1\/1&Prime; uncode_shortcode_id=\u00a0\u00bb998236&Prime;][vc_custom_heading text_color=\u00a0\u00bbcolor-xsdn\u00a0\u00bb heading_semantic=\u00a0\u00bbh1&Prime; text_size=\u00a0\u00bbfontsize-196126&Prime; text_weight=\u00a0\u00bb700&Prime; text_space=\u00a0\u00bbfontspace-323785&Prime; uncode_shortcode_id=\u00a0\u00bb123415&Prime; text_color_type=\u00a0\u00bbuncode-palette\u00a0\u00bb]NOS SERVICES[\/vc_custom_heading][vc_separator sep_color=\u00a0\u00bbaccent\u00a0\u00bb css_animation=\u00a0\u00bbleft-t-right\u00a0\u00bb animation_speed=\u00a0\u00bb800&Prime; uncode_shortcode_id=\u00a0\u00bb132896&Prime; sep_color_type=\u00a0\u00bbuncode-palette\u00a0\u00bb el_width=\u00a0\u00bb130px\u00a0\u00bb el_height=\u00a0\u00bb3px\u00a0\u00bb][\/vc_column][\/vc_row][vc_row row_height_percent=\u00a0\u00bb0&Prime; override_padding=\u00a0\u00bbyes\u00a0\u00bb h_padding=\u00a0\u00bb4&Prime; top_padding=\u00a0\u00bb3&Prime; bottom_padding=\u00a0\u00bb3&Prime; overlay_color=\u00a0\u00bbcolor-xsdn\u00a0\u00bb overlay_alpha=\u00a0\u00bb0&Prime; gutter_size=\u00a0\u00bb3&Prime; column_width_percent=\u00a0\u00bb100&Prime; shift_y=\u00a0\u00bb0&Prime; z_index=\u00a0\u00bb0&Prime; top_divider=\u00a0\u00bbgradient\u00a0\u00bb uncode_shortcode_id=\u00a0\u00bb728192&Prime; row_height_pixel=\u00a0\u00bb350px\u00a0\u00bb overlay_color_type=\u00a0\u00bbuncode-palette\u00a0\u00bb][vc_column width=\u00a0\u00bb1\/1&Prime;][vc_custom_heading text_color=\u00a0\u00bbcolor-jevc\u00a0\u00bb heading_semantic=\u00a0\u00bbh1&Prime; text_space=\u00a0\u00bbfontspace-323785&Prime; css_animation=\u00a0\u00bbleft-t-right\u00a0\u00bb animation_speed=\u00a0\u00bb800&Prime; uncode_shortcode_id=\u00a0\u00bb130238&Prime; text_color_type=\u00a0\u00bbuncode-palette\u00a0\u00bb]DES PRESTATIONS SUR-MESURE[\/vc_custom_heading][vc_separator sep_color=\u00a0\u00bbaccent\u00a0\u00bb css_animation=\u00a0\u00bbleft-t-right\u00a0\u00bb animation_speed=\u00a0\u00bb800&Prime; uncode_shortcode_id=\u00a0\u00bb130220&Prime; sep_color_type=\u00a0\u00bbuncode-palette\u00a0\u00bb el_width=\u00a0\u00bb130px\u00a0\u00bb el_height=\u00a0\u00bb3px\u00a0\u00bb][vc_row_inner limit_content=\u00a0\u00bb\u00a0\u00bb][vc_column_inner width=\u00a0\u00bb1\/2&Prime;][vc_icon position=\u00a0\u00bbleft\u00a0\u00bb space_reduced=\u00a0\u00bbyes\u00a0\u00bb icon_image=\u00a0\u00bb1187&Prime; media_size=\u00a0\u00bb100&Prime; css_animation=\u00a0\u00bbright-t-left\u00a0\u00bb animation_speed=\u00a0\u00bb800&Prime; animation_delay=\u00a0\u00bb100&Prime; uncode_shortcode_id=\u00a0\u00bb654220&Prime; title=\u00a0\u00bbTRANSPORT\u00a0\u00bb el_id=\u00a0\u00bbicon-choosing\u00a0\u00bb el_class=\u00a0\u00bbicon-choosing\u00a0\u00bb]<\/p>\n<div class=\"animate_when_almost_visible right-t-left icon-box icon-box-left icon-box-space-reduced icon-choosing icon-media-image start_animation\" data-delay=\"100\" data-speed=\"800\">\n<div class=\"icon-box-content\">\n<ul>\n<li><span style=\"font-weight: 400; color: #000000;\">A\u00e9roport :\u00a0 Commencez et terminez votre voyage \u00e0 Duba\u00ef avec style en choisissant notre service de transfert \u00e0 l&rsquo;a\u00e9roport.<\/span><\/li>\n<\/ul>\n<ul class=\"ak-ul\" style=\"margin-top: -2px;\">\n<li><span style=\"font-weight: 400; color: #000000;\">Transferts et d\u00e9placements : Nous vous accompagnons pour vos voyages d\u2019affaires, excursions, transfert dans le d\u00e9sert ou dans vos trajets quotidiens comme les transports scolaires et l&rsquo;accompagnement de vos enfants \u00e0 leurs activit\u00e9s extrascolaires.<\/span><\/li>\n<\/ul>\n<\/div>\n<\/div>\n<p>[\/vc_icon][\/vc_column_inner][vc_column_inner width=\u00a0\u00bb1\/2&Prime;][vc_icon position=\u00a0\u00bbleft\u00a0\u00bb space_reduced=\u00a0\u00bbyes\u00a0\u00bb icon_image=\u00a0\u00bb1184&Prime; media_size=\u00a0\u00bb100&Prime; css_animation=\u00a0\u00bbright-t-left\u00a0\u00bb animation_speed=\u00a0\u00bb800&Prime; animation_delay=\u00a0\u00bb100&Prime; uncode_shortcode_id=\u00a0\u00bb835813&Prime; title=\u00a0\u00bbSERVICE DE CHAUFFEUR\u00a0\u00bb el_id=\u00a0\u00bbicon-choosing\u00a0\u00bb el_class=\u00a0\u00bbicon-choosing\u00a0\u00bb]<span style=\"color: #000000;\">Attentifs, discrets et courtois, nos chauffeurs sont soigneusement s\u00e9lectionn\u00e9s. Ils sont qualifi\u00e9s pour vous guider vers les meilleurs endroits de la ville et optimiser vos trajets afin d&rsquo;\u00e9viter les retards. Vous n\u2019aurez plus besoin de vous fatiguer \u00e0 conduire et pourrez profiter pleinement de vos d\u00e9placements en admirant la beaut\u00e9 du paysage.<\/span>[\/vc_icon][\/vc_column_inner][\/vc_row_inner][vc_row_inner limit_content=\u00a0\u00bb\u00a0\u00bb][vc_column_inner width=\u00a0\u00bb1\/2&Prime;][vc_icon position=\u00a0\u00bbleft\u00a0\u00bb space_reduced=\u00a0\u00bbyes\u00a0\u00bb icon_image=\u00a0\u00bb1181&Prime; media_size=\u00a0\u00bb100&Prime; css_animation=\u00a0\u00bbright-t-left\u00a0\u00bb animation_speed=\u00a0\u00bb800&Prime; animation_delay=\u00a0\u00bb100&Prime; uncode_shortcode_id=\u00a0\u00bb365331&Prime; title=\u00a0\u00bbTARIF HORAIRE \/ QUOTIDIEN \/ MENSUEL\u00a0\u00bb el_id=\u00a0\u00bbicon-choosing\u00a0\u00bb el_class=\u00a0\u00bbicon-choosing\u00a0\u00bb]<span style=\"color: #000000;\">DBX V-CLASS vous propose une facturation forfaitaire et d\u00e9gressive, bas\u00e9e sur le temps pass\u00e9. En effet, nous ne facturons pas nos clients en fonction du nombre de kilom\u00e8tres parcourus.<\/span>[\/vc_icon][\/vc_column_inner][vc_column_inner width=\u00a0\u00bb1\/2&Prime;][vc_icon position=\u00a0\u00bbleft\u00a0\u00bb space_reduced=\u00a0\u00bbyes\u00a0\u00bb icon_image=\u00a0\u00bb1178&Prime; media_size=\u00a0\u00bb100&Prime; css_animation=\u00a0\u00bbright-t-left\u00a0\u00bb animation_speed=\u00a0\u00bb800&Prime; animation_delay=\u00a0\u00bb100&Prime; uncode_shortcode_id=\u00a0\u00bb143581&Prime; title=\u00a0\u00bbD\u00c9CORATION\u00a0\u00bb el_id=\u00a0\u00bbicon-choosing\u00a0\u00bb el_class=\u00a0\u00bbicon-choosing\u00a0\u00bb]<span style=\"color: #000000;\">Personnalisez nos vans pour vos occasions sp\u00e9ciales. Besoin d&rsquo;inspiration ? Nous avons de nombreuses id\u00e9es et suggestions. Des ballons et des fleurs sont \u00e9galement disponibles.<\/span>[\/vc_icon][\/vc_column_inner][\/vc_row_inner][\/vc_column][\/vc_row][vc_row row_height_percent=\u00a0\u00bb0&Prime; override_padding=\u00a0\u00bbyes\u00a0\u00bb h_padding=\u00a0\u00bb5&Prime; top_padding=\u00a0\u00bb0&Prime; bottom_padding=\u00a0\u00bb4&Prime; overlay_alpha=\u00a0\u00bb50&Prime; gutter_size=\u00a0\u00bb3&Prime; column_width_percent=\u00a0\u00bb100&Prime; shift_y=\u00a0\u00bb0&Prime; z_index=\u00a0\u00bb0&Prime; uncode_shortcode_id=\u00a0\u00bb587382&Prime;][vc_column column_width_percent=\u00a0\u00bb100&Prime; align_horizontal=\u00a0\u00bbalign_center\u00a0\u00bb gutter_size=\u00a0\u00bb2&Prime; back_color=\u00a0\u00bbcolor-xsdn\u00a0\u00bb overlay_alpha=\u00a0\u00bb50&Prime; preserve_border=\u00a0\u00bbyes\u00a0\u00bb preserve_border_tablet=\u00a0\u00bbyes\u00a0\u00bb preserve_border_mobile=\u00a0\u00bbyes\u00a0\u00bb border_color=\u00a0\u00bbcolor-jevc\u00a0\u00bb shift_x=\u00a0\u00bb0&Prime; shift_y=\u00a0\u00bb0&Prime; shift_y_down=\u00a0\u00bb0&Prime; z_index=\u00a0\u00bb0&Prime; medium_width=\u00a0\u00bb0&Prime; mobile_width=\u00a0\u00bb0&Prime; width=\u00a0\u00bb1\/1&Prime; uncode_shortcode_id=\u00a0\u00bb121482&Prime; back_color_type=\u00a0\u00bbuncode-palette\u00a0\u00bb border_color_type=\u00a0\u00bbuncode-palette\u00a0\u00bb css=\u00a0\u00bb.vc_custom_1681733698509{border-top-width: 1px !important;border-right-width: 1px !important;border-bottom-width: 1px !important;border-left-width: 1px !important;}\u00a0\u00bb][vc_button button_color=\u00a0\u00bbaccent\u00a0\u00bb size=\u00a0\u00bbbtn-lg\u00a0\u00bb radius=\u00a0\u00bbbtn-square\u00a0\u00bb border_animation=\u00a0\u00bbbtn-ripple-out\u00a0\u00bb border_width=\u00a0\u00bb0&Prime; button_color_type=\u00a0\u00bbuncode-palette\u00a0\u00bb uncode_shortcode_id=\u00a0\u00bb434717&Prime; link=\u00a0\u00bburl:https%3A%2F%2Fdbxv-class.hosted-form.com%2Fh%2F4J0mHx1m4|target:_blank\u00a0\u00bb]R\u00e9servez maintenant[\/vc_button][\/vc_column][\/vc_row]<\/p>\n<\/div>","protected":false},"excerpt":{"rendered":"<p>[vc_row row_height_percent=\u00a0\u00bb40&Prime; override_padding=\u00a0\u00bbyes\u00a0\u00bb h_padding=\u00a0\u00bb4&Prime; top_padding=\u00a0\u00bb3&Prime; bottom_padding=\u00a0\u00bb3&Prime; back_image=\u00a0\u00bb249&Prime; back_position=\u00a0\u00bbcenter center\u00a0\u00bb overlay_color=\u00a0\u00bbcolor-jevc\u00a0\u00bb overlay_alpha=\u00a0\u00bb30&Prime; gutter_size=\u00a0\u00bb3&Prime; column_width_percent=\u00a0\u00bb100&Prime; shift_y=\u00a0\u00bb0&Prime; z_index=\u00a0\u00bb0&Prime; enable_bottom_divider=\u00a0\u00bbdefault\u00a0\u00bb bottom_divider=\u00a0\u00bbgradient\u00a0\u00bb shape_bottom_h_use_pixel=\u00a0\u00bb\u00a0\u00bb shape_bottom_height=\u00a0\u00bb150&Prime; shape_bottom_color=\u00a0\u00bbcolor-jevc\u00a0\u00bb [&hellip;]<\/p>\n","protected":false},"author":1,"featured_media":690,"parent":0,"menu_order":0,"comment_status":"closed","ping_status":"closed","template":"","meta":{"footnotes":""},"class_list":["post-752","page","type-page","status-publish","has-post-thumbnail","hentry"],"yoast_head":"<!-- This site is optimized with the Yoast SEO plugin v27.3 - https:\/\/yoast.com\/product\/yoast-seo-wordpress\/ -->\n<title>Nos services de voiture avec chauffeur priv\u00e9 \u00e0 Duba\u00ef - DBX V-CLASS<\/title>\n<meta name=\"description\" content=\"D\u00e9couvrez tous nos services de chauffeur priv\u00e9 sur DBX V-Class. Une large gamme de v\u00e9hicules pour le meilleur confort. R\u00e9servez facilement.\" \/>\n<meta name=\"robots\" content=\"index, follow, max-snippet:-1, max-image-preview:large, max-video-preview:-1\" \/>\n<link rel=\"canonical\" href=\"https:\/\/dbxv-class.com\/fr\/nos-services\/\" \/>\n<meta property=\"og:locale\" content=\"fr_FR\" \/>\n<meta property=\"og:type\" content=\"article\" \/>\n<meta property=\"og:title\" content=\"Nos services de voiture avec chauffeur priv\u00e9 \u00e0 Duba\u00ef - DBX V-CLASS\" \/>\n<meta property=\"og:description\" content=\"D\u00e9couvrez tous nos services de chauffeur priv\u00e9 sur DBX V-Class. Une large gamme de v\u00e9hicules pour le meilleur confort. R\u00e9servez facilement.\" \/>\n<meta property=\"og:url\" content=\"https:\/\/dbxv-class.com\/fr\/nos-services\/\" \/>\n<meta property=\"og:site_name\" content=\"DBX V-CLASS\" \/>\n<meta property=\"article:modified_time\" content=\"2023-12-05T14:33:48+00:00\" \/>\n<meta property=\"og:image\" content=\"https:\/\/dbxv-class.com\/wp-content\/uploads\/2022\/11\/dbx-v-class-location-de-voitures-de-luxe-SAPHIR-2-1.jpeg\" \/>\n\t<meta property=\"og:image:width\" content=\"1000\" \/>\n\t<meta property=\"og:image:height\" content=\"876\" \/>\n\t<meta property=\"og:image:type\" content=\"image\/jpeg\" \/>\n<meta name=\"twitter:card\" content=\"summary_large_image\" \/>\n<meta name=\"twitter:label1\" content=\"Dur\u00e9e de lecture estim\u00e9e\" \/>\n\t<meta name=\"twitter:data1\" content=\"2 minutes\" \/>\n<script type=\"application\/ld+json\" class=\"yoast-schema-graph\">{\"@context\":\"https:\\\/\\\/schema.org\",\"@graph\":[{\"@type\":\"WebPage\",\"@id\":\"https:\\\/\\\/dbxv-class.com\\\/fr\\\/nos-services\\\/\",\"url\":\"https:\\\/\\\/dbxv-class.com\\\/fr\\\/nos-services\\\/\",\"name\":\"Nos services de voiture avec chauffeur priv\u00e9 \u00e0 Duba\u00ef - DBX V-CLASS\",\"isPartOf\":{\"@id\":\"https:\\\/\\\/dbxv-class.com\\\/fr\\\/#website\"},\"primaryImageOfPage\":{\"@id\":\"https:\\\/\\\/dbxv-class.com\\\/fr\\\/nos-services\\\/#primaryimage\"},\"image\":{\"@id\":\"https:\\\/\\\/dbxv-class.com\\\/fr\\\/nos-services\\\/#primaryimage\"},\"thumbnailUrl\":\"https:\\\/\\\/dbxv-class.com\\\/wp-content\\\/uploads\\\/2022\\\/11\\\/dbx-v-class-location-de-voitures-de-luxe-SAPHIR-2-1.jpeg\",\"datePublished\":\"2022-11-02T06:08:34+00:00\",\"dateModified\":\"2023-12-05T14:33:48+00:00\",\"description\":\"D\u00e9couvrez tous nos services de chauffeur priv\u00e9 sur DBX V-Class. Une large gamme de v\u00e9hicules pour le meilleur confort. R\u00e9servez facilement.\",\"breadcrumb\":{\"@id\":\"https:\\\/\\\/dbxv-class.com\\\/fr\\\/nos-services\\\/#breadcrumb\"},\"inLanguage\":\"fr-FR\",\"potentialAction\":[{\"@type\":\"ReadAction\",\"target\":[\"https:\\\/\\\/dbxv-class.com\\\/fr\\\/nos-services\\\/\"]}]},{\"@type\":\"ImageObject\",\"inLanguage\":\"fr-FR\",\"@id\":\"https:\\\/\\\/dbxv-class.com\\\/fr\\\/nos-services\\\/#primaryimage\",\"url\":\"https:\\\/\\\/dbxv-class.com\\\/wp-content\\\/uploads\\\/2022\\\/11\\\/dbx-v-class-location-de-voitures-de-luxe-SAPHIR-2-1.jpeg\",\"contentUrl\":\"https:\\\/\\\/dbxv-class.com\\\/wp-content\\\/uploads\\\/2022\\\/11\\\/dbx-v-class-location-de-voitures-de-luxe-SAPHIR-2-1.jpeg\",\"width\":1000,\"height\":876},{\"@type\":\"BreadcrumbList\",\"@id\":\"https:\\\/\\\/dbxv-class.com\\\/fr\\\/nos-services\\\/#breadcrumb\",\"itemListElement\":[{\"@type\":\"ListItem\",\"position\":1,\"name\":\"Accueil\",\"item\":\"https:\\\/\\\/dbxv-class.com\\\/fr\\\/\"},{\"@type\":\"ListItem\",\"position\":2,\"name\":\"Nos services\"}]},{\"@type\":\"WebSite\",\"@id\":\"https:\\\/\\\/dbxv-class.com\\\/fr\\\/#website\",\"url\":\"https:\\\/\\\/dbxv-class.com\\\/fr\\\/\",\"name\":\"DBX V-CLASS\",\"description\":\"Un site utilisant WordPress\",\"publisher\":{\"@id\":\"https:\\\/\\\/dbxv-class.com\\\/fr\\\/#organization\"},\"potentialAction\":[{\"@type\":\"SearchAction\",\"target\":{\"@type\":\"EntryPoint\",\"urlTemplate\":\"https:\\\/\\\/dbxv-class.com\\\/fr\\\/?s={search_term_string}\"},\"query-input\":{\"@type\":\"PropertyValueSpecification\",\"valueRequired\":true,\"valueName\":\"search_term_string\"}}],\"inLanguage\":\"fr-FR\"},{\"@type\":\"Organization\",\"@id\":\"https:\\\/\\\/dbxv-class.com\\\/fr\\\/#organization\",\"name\":\"DBX V-CLASS\",\"url\":\"https:\\\/\\\/dbxv-class.com\\\/fr\\\/\",\"logo\":{\"@type\":\"ImageObject\",\"inLanguage\":\"fr-FR\",\"@id\":\"https:\\\/\\\/dbxv-class.com\\\/fr\\\/#\\\/schema\\\/logo\\\/image\\\/\",\"url\":\"https:\\\/\\\/dbxv-class.com\\\/wp-content\\\/uploads\\\/2023\\\/03\\\/DBX_NOIR-1.png\",\"contentUrl\":\"https:\\\/\\\/dbxv-class.com\\\/wp-content\\\/uploads\\\/2023\\\/03\\\/DBX_NOIR-1.png\",\"width\":1871,\"height\":1148,\"caption\":\"DBX V-CLASS\"},\"image\":{\"@id\":\"https:\\\/\\\/dbxv-class.com\\\/fr\\\/#\\\/schema\\\/logo\\\/image\\\/\"}}]}<\/script>\n<!-- \/ Yoast SEO plugin. -->","yoast_head_json":{"title":"Nos services de voiture avec chauffeur priv\u00e9 \u00e0 Duba\u00ef - DBX V-CLASS","description":"D\u00e9couvrez tous nos services de chauffeur priv\u00e9 sur DBX V-Class. Une large gamme de v\u00e9hicules pour le meilleur confort. R\u00e9servez facilement.","robots":{"index":"index","follow":"follow","max-snippet":"max-snippet:-1","max-image-preview":"max-image-preview:large","max-video-preview":"max-video-preview:-1"},"canonical":"https:\/\/dbxv-class.com\/fr\/nos-services\/","og_locale":"fr_FR","og_type":"article","og_title":"Nos services de voiture avec chauffeur priv\u00e9 \u00e0 Duba\u00ef - DBX V-CLASS","og_description":"D\u00e9couvrez tous nos services de chauffeur priv\u00e9 sur DBX V-Class. Une large gamme de v\u00e9hicules pour le meilleur confort. R\u00e9servez facilement.","og_url":"https:\/\/dbxv-class.com\/fr\/nos-services\/","og_site_name":"DBX V-CLASS","article_modified_time":"2023-12-05T14:33:48+00:00","og_image":[{"width":1000,"height":876,"url":"https:\/\/dbxv-class.com\/wp-content\/uploads\/2022\/11\/dbx-v-class-location-de-voitures-de-luxe-SAPHIR-2-1.jpeg","type":"image\/jpeg"}],"twitter_card":"summary_large_image","twitter_misc":{"Dur\u00e9e de lecture estim\u00e9e":"2 minutes"},"schema":{"@context":"https:\/\/schema.org","@graph":[{"@type":"WebPage","@id":"https:\/\/dbxv-class.com\/fr\/nos-services\/","url":"https:\/\/dbxv-class.com\/fr\/nos-services\/","name":"Nos services de voiture avec chauffeur priv\u00e9 \u00e0 Duba\u00ef - DBX V-CLASS","isPartOf":{"@id":"https:\/\/dbxv-class.com\/fr\/#website"},"primaryImageOfPage":{"@id":"https:\/\/dbxv-class.com\/fr\/nos-services\/#primaryimage"},"image":{"@id":"https:\/\/dbxv-class.com\/fr\/nos-services\/#primaryimage"},"thumbnailUrl":"https:\/\/dbxv-class.com\/wp-content\/uploads\/2022\/11\/dbx-v-class-location-de-voitures-de-luxe-SAPHIR-2-1.jpeg","datePublished":"2022-11-02T06:08:34+00:00","dateModified":"2023-12-05T14:33:48+00:00","description":"D\u00e9couvrez tous nos services de chauffeur priv\u00e9 sur DBX V-Class. Une large gamme de v\u00e9hicules pour le meilleur confort. R\u00e9servez facilement.","breadcrumb":{"@id":"https:\/\/dbxv-class.com\/fr\/nos-services\/#breadcrumb"},"inLanguage":"fr-FR","potentialAction":[{"@type":"ReadAction","target":["https:\/\/dbxv-class.com\/fr\/nos-services\/"]}]},{"@type":"ImageObject","inLanguage":"fr-FR","@id":"https:\/\/dbxv-class.com\/fr\/nos-services\/#primaryimage","url":"https:\/\/dbxv-class.com\/wp-content\/uploads\/2022\/11\/dbx-v-class-location-de-voitures-de-luxe-SAPHIR-2-1.jpeg","contentUrl":"https:\/\/dbxv-class.com\/wp-content\/uploads\/2022\/11\/dbx-v-class-location-de-voitures-de-luxe-SAPHIR-2-1.jpeg","width":1000,"height":876},{"@type":"BreadcrumbList","@id":"https:\/\/dbxv-class.com\/fr\/nos-services\/#breadcrumb","itemListElement":[{"@type":"ListItem","position":1,"name":"Accueil","item":"https:\/\/dbxv-class.com\/fr\/"},{"@type":"ListItem","position":2,"name":"Nos services"}]},{"@type":"WebSite","@id":"https:\/\/dbxv-class.com\/fr\/#website","url":"https:\/\/dbxv-class.com\/fr\/","name":"DBX V-CLASS","description":"Un site utilisant WordPress","publisher":{"@id":"https:\/\/dbxv-class.com\/fr\/#organization"},"potentialAction":[{"@type":"SearchAction","target":{"@type":"EntryPoint","urlTemplate":"https:\/\/dbxv-class.com\/fr\/?s={search_term_string}"},"query-input":{"@type":"PropertyValueSpecification","valueRequired":true,"valueName":"search_term_string"}}],"inLanguage":"fr-FR"},{"@type":"Organization","@id":"https:\/\/dbxv-class.com\/fr\/#organization","name":"DBX V-CLASS","url":"https:\/\/dbxv-class.com\/fr\/","logo":{"@type":"ImageObject","inLanguage":"fr-FR","@id":"https:\/\/dbxv-class.com\/fr\/#\/schema\/logo\/image\/","url":"https:\/\/dbxv-class.com\/wp-content\/uploads\/2023\/03\/DBX_NOIR-1.png","contentUrl":"https:\/\/dbxv-class.com\/wp-content\/uploads\/2023\/03\/DBX_NOIR-1.png","width":1871,"height":1148,"caption":"DBX V-CLASS"},"image":{"@id":"https:\/\/dbxv-class.com\/fr\/#\/schema\/logo\/image\/"}}]}},"_links":{"self":[{"href":"https:\/\/dbxv-class.com\/fr\/wp-json\/wp\/v2\/pages\/752"}],"collection":[{"href":"https:\/\/dbxv-class.com\/fr\/wp-json\/wp\/v2\/pages"}],"about":[{"href":"https:\/\/dbxv-class.com\/fr\/wp-json\/wp\/v2\/types\/page"}],"author":[{"embeddable":true,"href":"https:\/\/dbxv-class.com\/fr\/wp-json\/wp\/v2\/users\/1"}],"replies":[{"embeddable":true,"href":"https:\/\/dbxv-class.com\/fr\/wp-json\/wp\/v2\/comments?post=752"}],"version-history":[{"count":1,"href":"https:\/\/dbxv-class.com\/fr\/wp-json\/wp\/v2\/pages\/752\/revisions"}],"predecessor-version":[{"id":2716,"href":"https:\/\/dbxv-class.com\/fr\/wp-json\/wp\/v2\/pages\/752\/revisions\/2716"}],"wp:featuredmedia":[{"embeddable":true,"href":"https:\/\/dbxv-class.com\/fr\/wp-json\/wp\/v2\/media\/690"}],"wp:attachment":[{"href":"https:\/\/dbxv-class.com\/fr\/wp-json\/wp\/v2\/media?parent=752"}],"curies":[{"name":"wp","href":"https:\/\/api.w.org\/{rel}","templated":true}]}}