{"id":747,"date":"2022-11-02T10:08:13","date_gmt":"2022-11-02T06:08:13","guid":{"rendered":"https:\/\/dbxv-class.com\/contact"},"modified":"2023-07-25T14:13:28","modified_gmt":"2023-07-25T10:13:28","slug":"contact","status":"publish","type":"page","link":"https:\/\/dbxv-class.com\/fr\/contact\/","title":{"rendered":"Contact"},"content":{"rendered":"<div class=\"wpb-content-wrapper\"><p>[vc_row row_height_percent=\u00a0\u00bb40&Prime; override_padding=\u00a0\u00bbyes\u00a0\u00bb h_padding=\u00a0\u00bb4&Prime; top_padding=\u00a0\u00bb3&Prime; bottom_padding=\u00a0\u00bb3&Prime; back_image=\u00a0\u00bb249&Prime; back_position=\u00a0\u00bbcenter center\u00a0\u00bb overlay_color=\u00a0\u00bbcolor-jevc\u00a0\u00bb overlay_alpha=\u00a0\u00bb30&Prime; gutter_size=\u00a0\u00bb3&Prime; column_width_percent=\u00a0\u00bb100&Prime; shift_y=\u00a0\u00bb0&Prime; z_index=\u00a0\u00bb0&Prime; enable_bottom_divider=\u00a0\u00bbdefault\u00a0\u00bb bottom_divider=\u00a0\u00bbgradient\u00a0\u00bb shape_bottom_h_use_pixel=\u00a0\u00bb\u00a0\u00bb shape_bottom_height=\u00a0\u00bb150&Prime; shape_bottom_color=\u00a0\u00bbcolor-jevc\u00a0\u00bb shape_bottom_opacity=\u00a0\u00bb100&Prime; shape_bottom_index=\u00a0\u00bb0&Prime; uncode_shortcode_id=\u00a0\u00bb656638&Prime; row_height_pixel=\u00a0\u00bb150px\u00a0\u00bb shape_bottom_color_type=\u00a0\u00bbuncode-palette\u00a0\u00bb overlay_color_type=\u00a0\u00bbuncode-palette\u00a0\u00bb][vc_column column_width_percent=\u00a0\u00bb100&Prime; position_vertical=\u00a0\u00bbmiddle\u00a0\u00bb gutter_size=\u00a0\u00bb2&Prime; overlay_alpha=\u00a0\u00bb50&Prime; shift_x=\u00a0\u00bb0&Prime; shift_y=\u00a0\u00bb0&Prime; shift_y_down=\u00a0\u00bb0&Prime; z_index=\u00a0\u00bb0&Prime; medium_width=\u00a0\u00bb0&Prime; mobile_width=\u00a0\u00bb0&Prime; width=\u00a0\u00bb1\/1&Prime; uncode_shortcode_id=\u00a0\u00bb998236&Prime;][vc_custom_heading text_color=\u00a0\u00bbcolor-xsdn\u00a0\u00bb heading_semantic=\u00a0\u00bbh1&Prime; text_size=\u00a0\u00bbfontsize-196126&Prime; text_weight=\u00a0\u00bb700&Prime; text_space=\u00a0\u00bbfontspace-323785&Prime; uncode_shortcode_id=\u00a0\u00bb187457&Prime; text_color_type=\u00a0\u00bbuncode-palette\u00a0\u00bb]CONTACTEZ-NOUS[\/vc_custom_heading][vc_separator sep_color=\u00a0\u00bbaccent\u00a0\u00bb css_animation=\u00a0\u00bbleft-t-right\u00a0\u00bb animation_speed=\u00a0\u00bb800&Prime; uncode_shortcode_id=\u00a0\u00bb132896&Prime; sep_color_type=\u00a0\u00bbuncode-palette\u00a0\u00bb el_width=\u00a0\u00bb130px\u00a0\u00bb el_height=\u00a0\u00bb3px\u00a0\u00bb][vc_column_text text_color=\u00a0\u00bbcolor-xsdn\u00a0\u00bb uncode_shortcode_id=\u00a0\u00bb157218&Prime; text_color_type=\u00a0\u00bbuncode-palette\u00a0\u00bb el_class=\u00a0\u00bbtext-justify\u00a0\u00bb]Vous avez des questions ? Chez DBX V-CLASS, nous nous surpassons pour r\u00e9pondre \u00e0 tous vos besoins.[\/vc_column_text][\/vc_column][\/vc_row][vc_row row_height_percent=\u00a0\u00bb0&Prime; override_padding=\u00a0\u00bbyes\u00a0\u00bb h_padding=\u00a0\u00bb4&Prime; top_padding=\u00a0\u00bb3&Prime; bottom_padding=\u00a0\u00bb3&Prime; overlay_alpha=\u00a0\u00bb50&Prime; equal_height=\u00a0\u00bbyes\u00a0\u00bb gutter_size=\u00a0\u00bb3&Prime; column_width_percent=\u00a0\u00bb100&Prime; shift_y=\u00a0\u00bb0&Prime; z_index=\u00a0\u00bb0&Prime; uncode_shortcode_id=\u00a0\u00bb685248&Prime;][vc_column column_width_percent=\u00a0\u00bb100&Prime; gutter_size=\u00a0\u00bb3&Prime; style=\u00a0\u00bbdark\u00a0\u00bb back_color=\u00a0\u00bbcolor-prif\u00a0\u00bb overlay_alpha=\u00a0\u00bb50&Prime; shift_x=\u00a0\u00bb0&Prime; shift_y=\u00a0\u00bb0&Prime; shift_y_down=\u00a0\u00bb0&Prime; z_index=\u00a0\u00bb0&Prime; medium_width=\u00a0\u00bb0&Prime; mobile_width=\u00a0\u00bb0&Prime; width=\u00a0\u00bb1\/3&Prime; uncode_shortcode_id=\u00a0\u00bb176996&Prime; back_color_type=\u00a0\u00bbuncode-palette\u00a0\u00bb][vc_icon position=\u00a0\u00bbleft\u00a0\u00bb space_reduced=\u00a0\u00bbyes\u00a0\u00bb icon=\u00a0\u00bbfa fa-tablet3&Prime; size=\u00a0\u00bbfa-2x\u00a0\u00bb text_size=\u00a0\u00bbh4&Prime; css_animation=\u00a0\u00bbright-t-left\u00a0\u00bb animation_speed=\u00a0\u00bb800&Prime; animation_delay=\u00a0\u00bb100&Prime; uncode_shortcode_id=\u00a0\u00bb137492&Prime; title=\u00a0\u00bbMobile 24\/7 :\u00a0\u00bb el_id=\u00a0\u00bbicon-choosing\u00a0\u00bb el_class=\u00a0\u00bbicon-choosing\u00a0\u00bb]<a href=\"tel:+971564087214\"><strong>+971 564 087 214<\/strong><\/a>[\/vc_icon][vc_icon position=\u00a0\u00bbleft\u00a0\u00bb space_reduced=\u00a0\u00bbyes\u00a0\u00bb title_aligned_icon=\u00a0\u00bbyes\u00a0\u00bb icon=\u00a0\u00bbfa fa-phone4&Prime; size=\u00a0\u00bbfa-2x\u00a0\u00bb text_size=\u00a0\u00bbh4&Prime; css_animation=\u00a0\u00bbright-t-left\u00a0\u00bb animation_speed=\u00a0\u00bb800&Prime; animation_delay=\u00a0\u00bb100&Prime; uncode_shortcode_id=\u00a0\u00bb164706&Prime; title=\u00a0\u00bbT\u00e9l\u00e9phone 24\/7 :\u00a0\u00bb el_id=\u00a0\u00bbicon-choosing\u00a0\u00bb el_class=\u00a0\u00bbicon-choosing\u00a0\u00bb]<a href=\"tel:+97142824567\"><strong>+971 4 2824 567\u00a0<\/strong><\/a>[\/vc_icon][vc_icon position=\u00a0\u00bbleft\u00a0\u00bb space_reduced=\u00a0\u00bbyes\u00a0\u00bb title_aligned_icon=\u00a0\u00bbyes\u00a0\u00bb icon=\u00a0\u00bbfa fa-envelope3&Prime; size=\u00a0\u00bbfa-2x\u00a0\u00bb text_size=\u00a0\u00bbh4&Prime; css_animation=\u00a0\u00bbright-t-left\u00a0\u00bb animation_speed=\u00a0\u00bb800&Prime; animation_delay=\u00a0\u00bb100&Prime; uncode_shortcode_id=\u00a0\u00bb719633&Prime; title=\u00a0\u00bbE-mail :\u00a0\u00bb el_id=\u00a0\u00bbicon-choosing\u00a0\u00bb el_class=\u00a0\u00bbicon-choosing\u00a0\u00bb]<a href=\"mailto:contact@dbxv-class.com\"><strong>contact@dbxv-class.com<\/strong><\/a>[\/vc_icon][vc_icon position=\u00a0\u00bbleft\u00a0\u00bb space_reduced=\u00a0\u00bbyes\u00a0\u00bb title_aligned_icon=\u00a0\u00bbyes\u00a0\u00bb icon=\u00a0\u00bbfa fa-map-pin\u00a0\u00bb size=\u00a0\u00bbfa-2x\u00a0\u00bb text_size=\u00a0\u00bbh4&Prime; css_animation=\u00a0\u00bbright-t-left\u00a0\u00bb animation_speed=\u00a0\u00bb800&Prime; animation_delay=\u00a0\u00bb100&Prime; uncode_shortcode_id=\u00a0\u00bb181824&Prime; title=\u00a0\u00bbAdresse :\u00a0\u00bb el_id=\u00a0\u00bbicon-choosing\u00a0\u00bb el_class=\u00a0\u00bbicon-choosing\u00a0\u00bb]<strong>24b street al quoz industrial Area 1 Duba\u00ef E.A.U.<\/strong>[\/vc_icon][vc_raw_html]JTNDaWZyYW1lJTIwc3JjJTNEJTIyaHR0cHMlM0ElMkYlMkZ3d3cuZ29vZ2xlLmNvbSUyRm1hcHMlMkZlbWJlZCUzRnBiJTNEJTIxMW0xOCUyMTFtMTIlMjExbTMlMjExZDM2MTEuOTg5MzM1NDYzMjkyJTIxMmQ1NS4yMzQ1NDQyJTIxM2QyNS4xMzYwNTE0JTIxMm0zJTIxMWYwJTIxMmYwJTIxM2YwJTIxM20yJTIxMWkxMDI0JTIxMmk3NjglMjE0ZjEzLjElMjEzbTMlMjExbTIlMjExczB4M2U1ZjY5N2FmYjkwODkwNSUyNTNBMHhmNDE2ZTA4NTMzZmJjY2QwJTIxMnMyNEIlMjUyMFN0cmVldCUyNTIwLSUyNTIwQWwlMjUyMFF1b3olMjUyMC0lMjUyMER1YmFpJTI1MjAtJTI1MjAlMjVDMyUyNTg5bWlyYXRzJTI1MjBhcmFiZXMlMjUyMHVuaXMlMjE1ZTAlMjEzbTIlMjExc2ZyJTIxMnNtYSUyMTR2MTY4OTA5MzUyMDU4MiUyMTVtMiUyMTFzZnIlMjEyc21hJTIyJTIwd2lkdGglM0QlMjIxMDAlMjUlMjIlMjBoZWlnaHQlM0QlMjJhdXRvJTIyJTIwc3R5bGUlM0QlMjJib3JkZXIlM0EwJTNCJTIyJTIwYWxsb3dmdWxsc2NyZWVuJTNEJTIyJTIyJTIwbG9hZGluZyUzRCUyMmxhenklMjIlMjByZWZlcnJlcnBvbGljeSUzRCUyMm5vLXJlZmVycmVyLXdoZW4tZG93bmdyYWRlJTIyJTNFJTNDJTJGaWZyYW1lJTNF[\/vc_raw_html][\/vc_column][vc_column width=\u00a0\u00bb2\/3&Prime;][vc_raw_html]JTVCd3Bmb3JtcyUyMGlkJTNEJTIyMjcxJTIyJTIwdGl0bGUlM0QlMjJmYXV4JTIyJTVE[\/vc_raw_html][\/vc_column][\/vc_row]<\/p>\n<\/div>","protected":false},"excerpt":{"rendered":"<p>[vc_row row_height_percent=\u00a0\u00bb40&Prime; override_padding=\u00a0\u00bbyes\u00a0\u00bb h_padding=\u00a0\u00bb4&Prime; top_padding=\u00a0\u00bb3&Prime; bottom_padding=\u00a0\u00bb3&Prime; back_image=\u00a0\u00bb249&Prime; back_position=\u00a0\u00bbcenter center\u00a0\u00bb overlay_color=\u00a0\u00bbcolor-jevc\u00a0\u00bb overlay_alpha=\u00a0\u00bb30&Prime; gutter_size=\u00a0\u00bb3&Prime; column_width_percent=\u00a0\u00bb100&Prime; shift_y=\u00a0\u00bb0&Prime; z_index=\u00a0\u00bb0&Prime; enable_bottom_divider=\u00a0\u00bbdefault\u00a0\u00bb bottom_divider=\u00a0\u00bbgradient\u00a0\u00bb shape_bottom_h_use_pixel=\u00a0\u00bb\u00a0\u00bb shape_bottom_height=\u00a0\u00bb150&Prime; shape_bottom_color=\u00a0\u00bbcolor-jevc\u00a0\u00bb [&hellip;]<\/p>\n","protected":false},"author":1,"featured_media":633,"parent":0,"menu_order":0,"comment_status":"closed","ping_status":"closed","template":"","meta":{"footnotes":""},"class_list":["post-747","page","type-page","status-publish","has-post-thumbnail","hentry"],"yoast_head":"<!-- This site is optimized with the Yoast SEO plugin v27.3 - https:\/\/yoast.com\/product\/yoast-seo-wordpress\/ -->\n<title>Contact - DBX V-CLASS<\/title>\n<meta name=\"description\" content=\"Vous avez des questions sur nos services, nos v\u00e9hicules ou nos conducteurs. N&#039;h\u00e9sitez pas \u00e0 nous contacter sur notre site web.\" \/>\n<meta name=\"robots\" content=\"index, follow, max-snippet:-1, max-image-preview:large, max-video-preview:-1\" \/>\n<link rel=\"canonical\" href=\"https:\/\/dbxv-class.com\/fr\/contact\/\" \/>\n<meta property=\"og:locale\" content=\"fr_FR\" \/>\n<meta property=\"og:type\" content=\"article\" \/>\n<meta property=\"og:title\" content=\"Contact - DBX V-CLASS\" \/>\n<meta property=\"og:description\" content=\"Vous avez des questions sur nos services, nos v\u00e9hicules ou nos conducteurs. N&#039;h\u00e9sitez pas \u00e0 nous contacter sur notre site web.\" \/>\n<meta property=\"og:url\" content=\"https:\/\/dbxv-class.com\/fr\/contact\/\" \/>\n<meta property=\"og:site_name\" content=\"DBX V-CLASS\" \/>\n<meta property=\"article:modified_time\" content=\"2023-07-25T10:13:28+00:00\" \/>\n<meta property=\"og:image\" content=\"https:\/\/dbxv-class.com\/wp-content\/uploads\/2022\/11\/dbx-v-class-location-de-voitures-de-luxe-location-de-vans-de-luxe.jpeg\" \/>\n\t<meta property=\"og:image:width\" content=\"720\" \/>\n\t<meta property=\"og:image:height\" content=\"640\" \/>\n\t<meta property=\"og:image:type\" content=\"image\/jpeg\" \/>\n<meta name=\"twitter:card\" content=\"summary_large_image\" \/>\n<meta name=\"twitter:label1\" content=\"Dur\u00e9e de lecture estim\u00e9e\" \/>\n\t<meta name=\"twitter:data1\" content=\"3 minutes\" \/>\n<script type=\"application\/ld+json\" class=\"yoast-schema-graph\">{\"@context\":\"https:\\\/\\\/schema.org\",\"@graph\":[{\"@type\":\"WebPage\",\"@id\":\"https:\\\/\\\/dbxv-class.com\\\/fr\\\/contact\\\/\",\"url\":\"https:\\\/\\\/dbxv-class.com\\\/fr\\\/contact\\\/\",\"name\":\"Contact - DBX V-CLASS\",\"isPartOf\":{\"@id\":\"https:\\\/\\\/dbxv-class.com\\\/fr\\\/#website\"},\"primaryImageOfPage\":{\"@id\":\"https:\\\/\\\/dbxv-class.com\\\/fr\\\/contact\\\/#primaryimage\"},\"image\":{\"@id\":\"https:\\\/\\\/dbxv-class.com\\\/fr\\\/contact\\\/#primaryimage\"},\"thumbnailUrl\":\"https:\\\/\\\/dbxv-class.com\\\/wp-content\\\/uploads\\\/2022\\\/11\\\/dbx-v-class-location-de-voitures-de-luxe-location-de-vans-de-luxe.jpeg\",\"datePublished\":\"2022-11-02T06:08:13+00:00\",\"dateModified\":\"2023-07-25T10:13:28+00:00\",\"description\":\"Vous avez des questions sur nos services, nos v\u00e9hicules ou nos conducteurs. N'h\u00e9sitez pas \u00e0 nous contacter sur notre site web.\",\"breadcrumb\":{\"@id\":\"https:\\\/\\\/dbxv-class.com\\\/fr\\\/contact\\\/#breadcrumb\"},\"inLanguage\":\"fr-FR\",\"potentialAction\":[{\"@type\":\"ReadAction\",\"target\":[\"https:\\\/\\\/dbxv-class.com\\\/fr\\\/contact\\\/\"]}]},{\"@type\":\"ImageObject\",\"inLanguage\":\"fr-FR\",\"@id\":\"https:\\\/\\\/dbxv-class.com\\\/fr\\\/contact\\\/#primaryimage\",\"url\":\"https:\\\/\\\/dbxv-class.com\\\/wp-content\\\/uploads\\\/2022\\\/11\\\/dbx-v-class-location-de-voitures-de-luxe-location-de-vans-de-luxe.jpeg\",\"contentUrl\":\"https:\\\/\\\/dbxv-class.com\\\/wp-content\\\/uploads\\\/2022\\\/11\\\/dbx-v-class-location-de-voitures-de-luxe-location-de-vans-de-luxe.jpeg\",\"width\":720,\"height\":640},{\"@type\":\"BreadcrumbList\",\"@id\":\"https:\\\/\\\/dbxv-class.com\\\/fr\\\/contact\\\/#breadcrumb\",\"itemListElement\":[{\"@type\":\"ListItem\",\"position\":1,\"name\":\"Accueil\",\"item\":\"https:\\\/\\\/dbxv-class.com\\\/fr\\\/\"},{\"@type\":\"ListItem\",\"position\":2,\"name\":\"Contact\"}]},{\"@type\":\"WebSite\",\"@id\":\"https:\\\/\\\/dbxv-class.com\\\/fr\\\/#website\",\"url\":\"https:\\\/\\\/dbxv-class.com\\\/fr\\\/\",\"name\":\"DBX V-CLASS\",\"description\":\"Un site utilisant WordPress\",\"publisher\":{\"@id\":\"https:\\\/\\\/dbxv-class.com\\\/fr\\\/#organization\"},\"potentialAction\":[{\"@type\":\"SearchAction\",\"target\":{\"@type\":\"EntryPoint\",\"urlTemplate\":\"https:\\\/\\\/dbxv-class.com\\\/fr\\\/?s={search_term_string}\"},\"query-input\":{\"@type\":\"PropertyValueSpecification\",\"valueRequired\":true,\"valueName\":\"search_term_string\"}}],\"inLanguage\":\"fr-FR\"},{\"@type\":\"Organization\",\"@id\":\"https:\\\/\\\/dbxv-class.com\\\/fr\\\/#organization\",\"name\":\"DBX V-CLASS\",\"url\":\"https:\\\/\\\/dbxv-class.com\\\/fr\\\/\",\"logo\":{\"@type\":\"ImageObject\",\"inLanguage\":\"fr-FR\",\"@id\":\"https:\\\/\\\/dbxv-class.com\\\/fr\\\/#\\\/schema\\\/logo\\\/image\\\/\",\"url\":\"https:\\\/\\\/dbxv-class.com\\\/wp-content\\\/uploads\\\/2023\\\/03\\\/DBX_NOIR-1.png\",\"contentUrl\":\"https:\\\/\\\/dbxv-class.com\\\/wp-content\\\/uploads\\\/2023\\\/03\\\/DBX_NOIR-1.png\",\"width\":1871,\"height\":1148,\"caption\":\"DBX V-CLASS\"},\"image\":{\"@id\":\"https:\\\/\\\/dbxv-class.com\\\/fr\\\/#\\\/schema\\\/logo\\\/image\\\/\"}}]}<\/script>\n<!-- \/ Yoast SEO plugin. -->","yoast_head_json":{"title":"Contact - DBX V-CLASS","description":"Vous avez des questions sur nos services, nos v\u00e9hicules ou nos conducteurs. N'h\u00e9sitez pas \u00e0 nous contacter sur notre site web.","robots":{"index":"index","follow":"follow","max-snippet":"max-snippet:-1","max-image-preview":"max-image-preview:large","max-video-preview":"max-video-preview:-1"},"canonical":"https:\/\/dbxv-class.com\/fr\/contact\/","og_locale":"fr_FR","og_type":"article","og_title":"Contact - DBX V-CLASS","og_description":"Vous avez des questions sur nos services, nos v\u00e9hicules ou nos conducteurs. N'h\u00e9sitez pas \u00e0 nous contacter sur notre site web.","og_url":"https:\/\/dbxv-class.com\/fr\/contact\/","og_site_name":"DBX V-CLASS","article_modified_time":"2023-07-25T10:13:28+00:00","og_image":[{"width":720,"height":640,"url":"https:\/\/dbxv-class.com\/wp-content\/uploads\/2022\/11\/dbx-v-class-location-de-voitures-de-luxe-location-de-vans-de-luxe.jpeg","type":"image\/jpeg"}],"twitter_card":"summary_large_image","twitter_misc":{"Dur\u00e9e de lecture estim\u00e9e":"3 minutes"},"schema":{"@context":"https:\/\/schema.org","@graph":[{"@type":"WebPage","@id":"https:\/\/dbxv-class.com\/fr\/contact\/","url":"https:\/\/dbxv-class.com\/fr\/contact\/","name":"Contact - DBX V-CLASS","isPartOf":{"@id":"https:\/\/dbxv-class.com\/fr\/#website"},"primaryImageOfPage":{"@id":"https:\/\/dbxv-class.com\/fr\/contact\/#primaryimage"},"image":{"@id":"https:\/\/dbxv-class.com\/fr\/contact\/#primaryimage"},"thumbnailUrl":"https:\/\/dbxv-class.com\/wp-content\/uploads\/2022\/11\/dbx-v-class-location-de-voitures-de-luxe-location-de-vans-de-luxe.jpeg","datePublished":"2022-11-02T06:08:13+00:00","dateModified":"2023-07-25T10:13:28+00:00","description":"Vous avez des questions sur nos services, nos v\u00e9hicules ou nos conducteurs. N'h\u00e9sitez pas \u00e0 nous contacter sur notre site web.","breadcrumb":{"@id":"https:\/\/dbxv-class.com\/fr\/contact\/#breadcrumb"},"inLanguage":"fr-FR","potentialAction":[{"@type":"ReadAction","target":["https:\/\/dbxv-class.com\/fr\/contact\/"]}]},{"@type":"ImageObject","inLanguage":"fr-FR","@id":"https:\/\/dbxv-class.com\/fr\/contact\/#primaryimage","url":"https:\/\/dbxv-class.com\/wp-content\/uploads\/2022\/11\/dbx-v-class-location-de-voitures-de-luxe-location-de-vans-de-luxe.jpeg","contentUrl":"https:\/\/dbxv-class.com\/wp-content\/uploads\/2022\/11\/dbx-v-class-location-de-voitures-de-luxe-location-de-vans-de-luxe.jpeg","width":720,"height":640},{"@type":"BreadcrumbList","@id":"https:\/\/dbxv-class.com\/fr\/contact\/#breadcrumb","itemListElement":[{"@type":"ListItem","position":1,"name":"Accueil","item":"https:\/\/dbxv-class.com\/fr\/"},{"@type":"ListItem","position":2,"name":"Contact"}]},{"@type":"WebSite","@id":"https:\/\/dbxv-class.com\/fr\/#website","url":"https:\/\/dbxv-class.com\/fr\/","name":"DBX V-CLASS","description":"Un site utilisant WordPress","publisher":{"@id":"https:\/\/dbxv-class.com\/fr\/#organization"},"potentialAction":[{"@type":"SearchAction","target":{"@type":"EntryPoint","urlTemplate":"https:\/\/dbxv-class.com\/fr\/?s={search_term_string}"},"query-input":{"@type":"PropertyValueSpecification","valueRequired":true,"valueName":"search_term_string"}}],"inLanguage":"fr-FR"},{"@type":"Organization","@id":"https:\/\/dbxv-class.com\/fr\/#organization","name":"DBX V-CLASS","url":"https:\/\/dbxv-class.com\/fr\/","logo":{"@type":"ImageObject","inLanguage":"fr-FR","@id":"https:\/\/dbxv-class.com\/fr\/#\/schema\/logo\/image\/","url":"https:\/\/dbxv-class.com\/wp-content\/uploads\/2023\/03\/DBX_NOIR-1.png","contentUrl":"https:\/\/dbxv-class.com\/wp-content\/uploads\/2023\/03\/DBX_NOIR-1.png","width":1871,"height":1148,"caption":"DBX V-CLASS"},"image":{"@id":"https:\/\/dbxv-class.com\/fr\/#\/schema\/logo\/image\/"}}]}},"_links":{"self":[{"href":"https:\/\/dbxv-class.com\/fr\/wp-json\/wp\/v2\/pages\/747"}],"collection":[{"href":"https:\/\/dbxv-class.com\/fr\/wp-json\/wp\/v2\/pages"}],"about":[{"href":"https:\/\/dbxv-class.com\/fr\/wp-json\/wp\/v2\/types\/page"}],"author":[{"embeddable":true,"href":"https:\/\/dbxv-class.com\/fr\/wp-json\/wp\/v2\/users\/1"}],"replies":[{"embeddable":true,"href":"https:\/\/dbxv-class.com\/fr\/wp-json\/wp\/v2\/comments?post=747"}],"version-history":[{"count":0,"href":"https:\/\/dbxv-class.com\/fr\/wp-json\/wp\/v2\/pages\/747\/revisions"}],"wp:featuredmedia":[{"embeddable":true,"href":"https:\/\/dbxv-class.com\/fr\/wp-json\/wp\/v2\/media\/633"}],"wp:attachment":[{"href":"https:\/\/dbxv-class.com\/fr\/wp-json\/wp\/v2\/media?parent=747"}],"curies":[{"name":"wp","href":"https:\/\/api.w.org\/{rel}","templated":true}]}}