{"id":735,"date":"2022-10-25T17:27:25","date_gmt":"2022-10-25T13:27:25","guid":{"rendered":"https:\/\/dbxv-class.com\/politique-de-confidentialite"},"modified":"2023-04-24T13:15:59","modified_gmt":"2023-04-24T09:15:59","slug":"politique-de-confidentialite","status":"publish","type":"page","link":"https:\/\/dbxv-class.com\/fr\/politique-de-confidentialite\/","title":{"rendered":"Politique de confidentialit\u00e9"},"content":{"rendered":"<div class=\"wpb-content-wrapper\"><p>[vc_row row_height_percent=\u00a0\u00bb0&Prime; override_padding=\u00a0\u00bbyes\u00a0\u00bb h_padding=\u00a0\u00bb4&Prime; top_padding=\u00a0\u00bb3&Prime; bottom_padding=\u00a0\u00bb3&Prime; overlay_alpha=\u00a0\u00bb50&Prime; gutter_size=\u00a0\u00bb3&Prime; column_width_percent=\u00a0\u00bb100&Prime; shift_y=\u00a0\u00bb0&Prime; z_index=\u00a0\u00bb0&Prime; uncode_shortcode_id=\u00a0\u00bb768725&Prime;][vc_column column_width_percent=\u00a0\u00bb100&Prime; gutter_size=\u00a0\u00bb2&Prime; overlay_alpha=\u00a0\u00bb50&Prime; shift_x=\u00a0\u00bb0&Prime; shift_y=\u00a0\u00bb0&Prime; shift_y_down=\u00a0\u00bb0&Prime; z_index=\u00a0\u00bb0&Prime; medium_width=\u00a0\u00bb0&Prime; mobile_width=\u00a0\u00bb0&Prime; width=\u00a0\u00bb1\/1&Prime; uncode_shortcode_id=\u00a0\u00bb152664&Prime;][vc_custom_heading text_color=\u00a0\u00bbcolor-jevc\u00a0\u00bb heading_semantic=\u00a0\u00bbh1&Prime; text_size=\u00a0\u00bbfontsize-196126&Prime; text_space=\u00a0\u00bbfontspace-323785&Prime; css_animation=\u00a0\u00bbleft-t-right\u00a0\u00bb animation_speed=\u00a0\u00bb800&Prime; uncode_shortcode_id=\u00a0\u00bb766670&Prime; text_color_type=\u00a0\u00bbuncode-palette\u00a0\u00bb el_id=\u00a0\u00bbtitle-3&Prime; el_class=\u00a0\u00bbtitle-3&Prime;]Politique de confidentialit\u00e9[\/vc_custom_heading][vc_separator sep_color=\u00a0\u00bbaccent\u00a0\u00bb css_animation=\u00a0\u00bbleft-t-right\u00a0\u00bb animation_speed=\u00a0\u00bb800&Prime; uncode_shortcode_id=\u00a0\u00bb132896&Prime; sep_color_type=\u00a0\u00bbuncode-palette\u00a0\u00bb el_width=\u00a0\u00bb130px\u00a0\u00bb el_height=\u00a0\u00bb3px\u00a0\u00bb][vc_custom_heading text_color=\u00a0\u00bbcolor-jevc\u00a0\u00bb heading_semantic=\u00a0\u00bbh1&Prime; text_size=\u00a0\u00bbh1&Prime; text_space=\u00a0\u00bbfontspace-323785&Prime; uncode_shortcode_id=\u00a0\u00bb141399&Prime; text_color_type=\u00a0\u00bbuncode-palette\u00a0\u00bb el_id=\u00a0\u00bbtitle-3&Prime; el_class=\u00a0\u00bbtitle-3&Prime;]Utilisation des donn\u00e9es personnelles collect\u00e9es[\/vc_custom_heading][vc_column_text uncode_shortcode_id=\u00a0\u00bb117599&Prime;]<strong>Commentaires<\/strong><br \/>\nLorsque vous laissez un commentaire sur notre site web, non seulement les donn\u00e9es saisies dans le formulaire de commentaire, mais aussi votre adresse IP et l&rsquo;agent utilisateur de votre navigateur sont collect\u00e9s pour nous aider \u00e0 d\u00e9tecter les commentaires ind\u00e9sirables. Une cha\u00eene de caract\u00e8res anonyme cr\u00e9\u00e9e \u00e0 partir de votre adresse \u00e9lectronique (\u00e9galement connue sous le nom de hachage) peut \u00eatre envoy\u00e9e au service Gravatar pour v\u00e9rifier si vous utilisez le service. La politique de confidentialit\u00e9 du service Gravatar est disponible ici : https:\/\/automattic.com\/privacy\/. Une fois votre commentaire valid\u00e9, votre photo de profil sera publiquement visible \u00e0 c\u00f4t\u00e9 de votre commentaire.<\/p>\n<p><strong>M\u00e9dias<\/strong><br \/>\nSi vous \u00eates un utilisateur enregistr\u00e9 et que vous t\u00e9l\u00e9chargez des images sur le site web, nous vous conseillons d&rsquo;\u00e9viter de t\u00e9l\u00e9charger des images contenant des donn\u00e9es EXIF de coordonn\u00e9es GPS. Les visiteurs de votre site web peuvent t\u00e9l\u00e9charger et extraire les donn\u00e9es de localisation de ces images.<\/p>\n<p><strong>Formulaires de contact<\/strong><br \/>\nLorsque vous utilisez notre formulaire de contact, nous vous demandons votre consentement pour utiliser et stocker les informations saisies aux fins de la demande de contact, du devis et de la relation commerciale qui s&rsquo;ensuit.<\/p>\n<p><strong>Cookies<\/strong><br \/>\nSi vous laissez un commentaire sur notre site, il vous sera demand\u00e9 d&rsquo;enregistrer votre nom, votre adresse \u00e9lectronique et votre site web dans des cookies. Ceci est uniquement pour votre commodit\u00e9 afin que vous n&rsquo;ayez pas \u00e0 saisir ces informations si vous laissez un autre commentaire plus tard. Ces cookies expirent apr\u00e8s un an. Si vous avez un compte et que vous vous connectez \u00e0 ce site, un cookie temporaire sera plac\u00e9 pour d\u00e9terminer si votre navigateur accepte les cookies. Il ne contient aucune donn\u00e9e personnelle et sera supprim\u00e9 automatiquement lorsque vous fermerez votre navigateur. Lorsque vous vous connectez, nous d\u00e9finissons un certain nombre de cookies pour stocker vos informations de connexion et vos pr\u00e9f\u00e9rences d&rsquo;\u00e9cran. La dur\u00e9e de vie d&rsquo;un cookie de connexion est de deux jours, celle d&rsquo;un cookie d&rsquo;option d&rsquo;\u00e9cran est d&rsquo;un an. Si vous cochez la case \u00ab\u00a0Se souvenir de moi\u00a0\u00bb, votre cookie de connexion sera conserv\u00e9 pendant une quinzaine de jours. Si vous vous d\u00e9connectez de votre compte, le cookie de connexion sera supprim\u00e9. Lors de la modification ou de la publication d&rsquo;un article, un cookie suppl\u00e9mentaire sera enregistr\u00e9 dans votre navigateur. Ce cookie ne contient pas de donn\u00e9es personnelles. Il indique simplement l&rsquo;identifiant de l&rsquo;article que vous venez de modifier. Il expire apr\u00e8s un jour.<\/p>\n<p><strong>Contenu int\u00e9gr\u00e9 d&rsquo;autres sites<\/strong><br \/>\nLes articles de ce site peuvent inclure du contenu int\u00e9gr\u00e9 (par exemple, des vid\u00e9os, des images, des articles&#8230;). Le contenu int\u00e9gr\u00e9 d&rsquo;autres sites se comporte de la m\u00eame mani\u00e8re que si le visiteur se trouvait sur cet autre site. Ces sites web peuvent recueillir des donn\u00e9es vous concernant, utiliser des cookies, int\u00e9grer des outils de suivi tiers et suivre vos interactions avec le contenu int\u00e9gr\u00e9 si vous avez un compte sur leur site web.<\/p>\n<p><strong>Statistiques et mesure d&rsquo;audience<\/strong><br \/>\nGoogle Analytics nous permet de recueillir des informations sur la fa\u00e7on dont vous naviguez sur notre site Web \u00e0 des fins statistiques et pour nous aider \u00e0 optimiser nos services.<\/p>\n<p><strong>Utilisation et transfert de vos donn\u00e9es personnelles<\/strong><br \/>\nCombien de temps nous conservons vos donn\u00e9es<br \/>\nSi vous laissez un commentaire, celui-ci et ses m\u00e9tadonn\u00e9es sont conserv\u00e9s ind\u00e9finiment. Cela nous permet de reconna\u00eetre et d&rsquo;approuver automatiquement les commentaires ult\u00e9rieurs au lieu de les laisser dans la file d&rsquo;attente de mod\u00e9ration. Pour les utilisateurs qui s&rsquo;inscrivent sur notre site (si possible), nous stockons \u00e9galement les donn\u00e9es personnelles indiqu\u00e9es dans leur profil. Tous les utilisateurs peuvent consulter, modifier ou supprimer leurs informations personnelles \u00e0 tout moment (\u00e0 l&rsquo;exception de leur nom d&rsquo;utilisateur). Les gestionnaires de site peuvent \u00e9galement consulter et modifier ces informations.<\/p>\n<p><strong>Les droits que vous avez sur vos donn\u00e9es<\/strong><br \/>\nSi vous avez un compte ou si vous avez laiss\u00e9 des commentaires sur le site, vous pouvez demander \u00e0 recevoir un fichier contenant toutes les donn\u00e9es personnelles que nous d\u00e9tenons \u00e0 votre sujet, y compris celles que vous nous avez fournies. Vous pouvez \u00e9galement demander la suppression de vos donn\u00e9es personnelles. Cela ne comprend pas les donn\u00e9es stock\u00e9es \u00e0 des fins administratives, juridiques ou de s\u00e9curit\u00e9.<\/p>\n<p><strong>Transmission de vos donn\u00e9es personnelles<\/strong><br \/>\nLes commentaires des visiteurs peuvent \u00eatre contr\u00f4l\u00e9s \u00e0 l&rsquo;aide d&rsquo;un service automatis\u00e9 de d\u00e9tection des commentaires ind\u00e9sirables.[\/vc_column_text][\/vc_column][\/vc_row]<\/p>\n<\/div>","protected":false},"excerpt":{"rendered":"<p>[vc_row row_height_percent=\u00a0\u00bb0&Prime; override_padding=\u00a0\u00bbyes\u00a0\u00bb h_padding=\u00a0\u00bb4&Prime; top_padding=\u00a0\u00bb3&Prime; bottom_padding=\u00a0\u00bb3&Prime; overlay_alpha=\u00a0\u00bb50&Prime; gutter_size=\u00a0\u00bb3&Prime; column_width_percent=\u00a0\u00bb100&Prime; shift_y=\u00a0\u00bb0&Prime; z_index=\u00a0\u00bb0&Prime; uncode_shortcode_id=\u00a0\u00bb768725&Prime;][vc_column column_width_percent=\u00a0\u00bb100&Prime; gutter_size=\u00a0\u00bb2&Prime; overlay_alpha=\u00a0\u00bb50&Prime; shift_x=\u00a0\u00bb0&Prime; shift_y=\u00a0\u00bb0&Prime; shift_y_down=\u00a0\u00bb0&Prime; z_index=\u00a0\u00bb0&Prime; medium_width=\u00a0\u00bb0&Prime; [&hellip;]<\/p>\n","protected":false},"author":1,"featured_media":0,"parent":0,"menu_order":0,"comment_status":"closed","ping_status":"open","template":"","meta":{"footnotes":""},"class_list":["post-735","page","type-page","status-publish","hentry"],"yoast_head":"<!-- This site is optimized with the Yoast SEO plugin v27.4 - https:\/\/yoast.com\/product\/yoast-seo-wordpress\/ -->\n<title>Politique de confidentialit\u00e9 - DBX V-CLASS<\/title>\n<meta name=\"robots\" content=\"index, follow, max-snippet:-1, max-image-preview:large, max-video-preview:-1\" \/>\n<link rel=\"canonical\" href=\"https:\/\/dbxv-class.com\/fr\/politique-de-confidentialite\/\" \/>\n<meta property=\"og:locale\" content=\"fr_FR\" \/>\n<meta property=\"og:type\" content=\"article\" \/>\n<meta property=\"og:title\" content=\"Politique de confidentialit\u00e9 - DBX V-CLASS\" \/>\n<meta property=\"og:description\" content=\"[vc_row row_height_percent=\u00a0\u00bb0&Prime; override_padding=\u00a0\u00bbyes\u00a0\u00bb h_padding=\u00a0\u00bb4&Prime; top_padding=\u00a0\u00bb3&Prime; bottom_padding=\u00a0\u00bb3&Prime; overlay_alpha=\u00a0\u00bb50&Prime; gutter_size=\u00a0\u00bb3&Prime; column_width_percent=\u00a0\u00bb100&Prime; shift_y=\u00a0\u00bb0&Prime; z_index=\u00a0\u00bb0&Prime; uncode_shortcode_id=\u00a0\u00bb768725&Prime;][vc_column column_width_percent=\u00a0\u00bb100&Prime; gutter_size=\u00a0\u00bb2&Prime; overlay_alpha=\u00a0\u00bb50&Prime; shift_x=\u00a0\u00bb0&Prime; shift_y=\u00a0\u00bb0&Prime; shift_y_down=\u00a0\u00bb0&Prime; z_index=\u00a0\u00bb0&Prime; medium_width=\u00a0\u00bb0&Prime; [&hellip;]\" \/>\n<meta property=\"og:url\" content=\"https:\/\/dbxv-class.com\/fr\/politique-de-confidentialite\/\" \/>\n<meta property=\"og:site_name\" content=\"DBX V-CLASS\" \/>\n<meta property=\"article:modified_time\" content=\"2023-04-24T09:15:59+00:00\" \/>\n<meta name=\"twitter:card\" content=\"summary_large_image\" \/>\n<meta name=\"twitter:label1\" content=\"Dur\u00e9e de lecture estim\u00e9e\" \/>\n\t<meta name=\"twitter:data1\" content=\"5 minutes\" \/>\n<script type=\"application\/ld+json\" class=\"yoast-schema-graph\">{\"@context\":\"https:\\\/\\\/schema.org\",\"@graph\":[{\"@type\":\"WebPage\",\"@id\":\"https:\\\/\\\/dbxv-class.com\\\/fr\\\/politique-de-confidentialite\\\/\",\"url\":\"https:\\\/\\\/dbxv-class.com\\\/fr\\\/politique-de-confidentialite\\\/\",\"name\":\"Politique de confidentialit\u00e9 - DBX V-CLASS\",\"isPartOf\":{\"@id\":\"https:\\\/\\\/dbxv-class.com\\\/fr\\\/#website\"},\"datePublished\":\"2022-10-25T13:27:25+00:00\",\"dateModified\":\"2023-04-24T09:15:59+00:00\",\"breadcrumb\":{\"@id\":\"https:\\\/\\\/dbxv-class.com\\\/fr\\\/politique-de-confidentialite\\\/#breadcrumb\"},\"inLanguage\":\"fr-FR\",\"potentialAction\":[{\"@type\":\"ReadAction\",\"target\":[\"https:\\\/\\\/dbxv-class.com\\\/fr\\\/politique-de-confidentialite\\\/\"]}]},{\"@type\":\"BreadcrumbList\",\"@id\":\"https:\\\/\\\/dbxv-class.com\\\/fr\\\/politique-de-confidentialite\\\/#breadcrumb\",\"itemListElement\":[{\"@type\":\"ListItem\",\"position\":1,\"name\":\"Accueil\",\"item\":\"https:\\\/\\\/dbxv-class.com\\\/fr\\\/\"},{\"@type\":\"ListItem\",\"position\":2,\"name\":\"Politique de confidentialit\u00e9\"}]},{\"@type\":\"WebSite\",\"@id\":\"https:\\\/\\\/dbxv-class.com\\\/fr\\\/#website\",\"url\":\"https:\\\/\\\/dbxv-class.com\\\/fr\\\/\",\"name\":\"DBX V-CLASS\",\"description\":\"Un site utilisant WordPress\",\"publisher\":{\"@id\":\"https:\\\/\\\/dbxv-class.com\\\/fr\\\/#organization\"},\"potentialAction\":[{\"@type\":\"SearchAction\",\"target\":{\"@type\":\"EntryPoint\",\"urlTemplate\":\"https:\\\/\\\/dbxv-class.com\\\/fr\\\/?s={search_term_string}\"},\"query-input\":{\"@type\":\"PropertyValueSpecification\",\"valueRequired\":true,\"valueName\":\"search_term_string\"}}],\"inLanguage\":\"fr-FR\"},{\"@type\":\"Organization\",\"@id\":\"https:\\\/\\\/dbxv-class.com\\\/fr\\\/#organization\",\"name\":\"DBX V-CLASS\",\"url\":\"https:\\\/\\\/dbxv-class.com\\\/fr\\\/\",\"logo\":{\"@type\":\"ImageObject\",\"inLanguage\":\"fr-FR\",\"@id\":\"https:\\\/\\\/dbxv-class.com\\\/fr\\\/#\\\/schema\\\/logo\\\/image\\\/\",\"url\":\"https:\\\/\\\/dbxv-class.com\\\/wp-content\\\/uploads\\\/2023\\\/03\\\/DBX_NOIR-1.png\",\"contentUrl\":\"https:\\\/\\\/dbxv-class.com\\\/wp-content\\\/uploads\\\/2023\\\/03\\\/DBX_NOIR-1.png\",\"width\":1871,\"height\":1148,\"caption\":\"DBX V-CLASS\"},\"image\":{\"@id\":\"https:\\\/\\\/dbxv-class.com\\\/fr\\\/#\\\/schema\\\/logo\\\/image\\\/\"}}]}<\/script>\n<!-- \/ Yoast SEO plugin. -->","yoast_head_json":{"title":"Politique de confidentialit\u00e9 - DBX V-CLASS","robots":{"index":"index","follow":"follow","max-snippet":"max-snippet:-1","max-image-preview":"max-image-preview:large","max-video-preview":"max-video-preview:-1"},"canonical":"https:\/\/dbxv-class.com\/fr\/politique-de-confidentialite\/","og_locale":"fr_FR","og_type":"article","og_title":"Politique de confidentialit\u00e9 - DBX V-CLASS","og_description":"[vc_row row_height_percent=\u00a0\u00bb0&Prime; override_padding=\u00a0\u00bbyes\u00a0\u00bb h_padding=\u00a0\u00bb4&Prime; top_padding=\u00a0\u00bb3&Prime; bottom_padding=\u00a0\u00bb3&Prime; overlay_alpha=\u00a0\u00bb50&Prime; gutter_size=\u00a0\u00bb3&Prime; column_width_percent=\u00a0\u00bb100&Prime; shift_y=\u00a0\u00bb0&Prime; z_index=\u00a0\u00bb0&Prime; uncode_shortcode_id=\u00a0\u00bb768725&Prime;][vc_column column_width_percent=\u00a0\u00bb100&Prime; gutter_size=\u00a0\u00bb2&Prime; overlay_alpha=\u00a0\u00bb50&Prime; shift_x=\u00a0\u00bb0&Prime; shift_y=\u00a0\u00bb0&Prime; shift_y_down=\u00a0\u00bb0&Prime; z_index=\u00a0\u00bb0&Prime; medium_width=\u00a0\u00bb0&Prime; [&hellip;]","og_url":"https:\/\/dbxv-class.com\/fr\/politique-de-confidentialite\/","og_site_name":"DBX V-CLASS","article_modified_time":"2023-04-24T09:15:59+00:00","twitter_card":"summary_large_image","twitter_misc":{"Dur\u00e9e de lecture estim\u00e9e":"5 minutes"},"schema":{"@context":"https:\/\/schema.org","@graph":[{"@type":"WebPage","@id":"https:\/\/dbxv-class.com\/fr\/politique-de-confidentialite\/","url":"https:\/\/dbxv-class.com\/fr\/politique-de-confidentialite\/","name":"Politique de confidentialit\u00e9 - DBX V-CLASS","isPartOf":{"@id":"https:\/\/dbxv-class.com\/fr\/#website"},"datePublished":"2022-10-25T13:27:25+00:00","dateModified":"2023-04-24T09:15:59+00:00","breadcrumb":{"@id":"https:\/\/dbxv-class.com\/fr\/politique-de-confidentialite\/#breadcrumb"},"inLanguage":"fr-FR","potentialAction":[{"@type":"ReadAction","target":["https:\/\/dbxv-class.com\/fr\/politique-de-confidentialite\/"]}]},{"@type":"BreadcrumbList","@id":"https:\/\/dbxv-class.com\/fr\/politique-de-confidentialite\/#breadcrumb","itemListElement":[{"@type":"ListItem","position":1,"name":"Accueil","item":"https:\/\/dbxv-class.com\/fr\/"},{"@type":"ListItem","position":2,"name":"Politique de confidentialit\u00e9"}]},{"@type":"WebSite","@id":"https:\/\/dbxv-class.com\/fr\/#website","url":"https:\/\/dbxv-class.com\/fr\/","name":"DBX V-CLASS","description":"Un site utilisant WordPress","publisher":{"@id":"https:\/\/dbxv-class.com\/fr\/#organization"},"potentialAction":[{"@type":"SearchAction","target":{"@type":"EntryPoint","urlTemplate":"https:\/\/dbxv-class.com\/fr\/?s={search_term_string}"},"query-input":{"@type":"PropertyValueSpecification","valueRequired":true,"valueName":"search_term_string"}}],"inLanguage":"fr-FR"},{"@type":"Organization","@id":"https:\/\/dbxv-class.com\/fr\/#organization","name":"DBX V-CLASS","url":"https:\/\/dbxv-class.com\/fr\/","logo":{"@type":"ImageObject","inLanguage":"fr-FR","@id":"https:\/\/dbxv-class.com\/fr\/#\/schema\/logo\/image\/","url":"https:\/\/dbxv-class.com\/wp-content\/uploads\/2023\/03\/DBX_NOIR-1.png","contentUrl":"https:\/\/dbxv-class.com\/wp-content\/uploads\/2023\/03\/DBX_NOIR-1.png","width":1871,"height":1148,"caption":"DBX V-CLASS"},"image":{"@id":"https:\/\/dbxv-class.com\/fr\/#\/schema\/logo\/image\/"}}]}},"_links":{"self":[{"href":"https:\/\/dbxv-class.com\/fr\/wp-json\/wp\/v2\/pages\/735"}],"collection":[{"href":"https:\/\/dbxv-class.com\/fr\/wp-json\/wp\/v2\/pages"}],"about":[{"href":"https:\/\/dbxv-class.com\/fr\/wp-json\/wp\/v2\/types\/page"}],"author":[{"embeddable":true,"href":"https:\/\/dbxv-class.com\/fr\/wp-json\/wp\/v2\/users\/1"}],"replies":[{"embeddable":true,"href":"https:\/\/dbxv-class.com\/fr\/wp-json\/wp\/v2\/comments?post=735"}],"version-history":[{"count":0,"href":"https:\/\/dbxv-class.com\/fr\/wp-json\/wp\/v2\/pages\/735\/revisions"}],"wp:attachment":[{"href":"https:\/\/dbxv-class.com\/fr\/wp-json\/wp\/v2\/media?parent=735"}],"curies":[{"name":"wp","href":"https:\/\/api.w.org\/{rel}","templated":true}]}}